{"id":24,"date":"2016-04-25T10:30:00","date_gmt":"2016-04-25T10:30:00","guid":{"rendered":"http:\/\/arolab.umh.es\/?page_id=24"},"modified":"2021-06-09T18:46:46","modified_gmt":"2021-06-09T18:46:46","slug":"teaching","status":"publish","type":"page","link":"https:\/\/arolab.umh.es\/en\/teaching\/","title":{"rendered":"Teaching"},"content":{"rendered":"<p><img class=\" wp-image-459 size-full aligncenter\" src=\"http:\/\/arolab.umh.es\/files\/2016\/04\/IMG_94123-e1488470466557.jpg\" alt=\"\" width=\"75%\" srcset=\"https:\/\/arolab.umh.es\/files\/2016\/04\/IMG_94123-e1488470466557.jpg 2389w, https:\/\/arolab.umh.es\/files\/2016\/04\/IMG_94123-e1488470466557-300x87.jpg 300w, https:\/\/arolab.umh.es\/files\/2016\/04\/IMG_94123-e1488470466557-1024x296.jpg 1024w, https:\/\/arolab.umh.es\/files\/2016\/04\/IMG_94123-e1488470466557-150x43.jpg 150w\" sizes=\"(max-width: 2389px) 100vw, 2389px\" \/><\/p>\n<p><strong>Jos\u00e9 Manuel P\u00e9rez-P\u00e9rez<\/strong><\/p>\n<p>Since 2019, I am <strong>Full Professor of Genetics<\/strong>\u00a0at the <a href=\"https:\/\/www.umh.es\/contenido\/Investigacion\/:uor_105\/datos_en.html\" target=\"_blank\">Department of Applied Biology<\/a> of the Universidad Miguel Hern\u00e1ndez de Elche.<\/p>\n<p>There, I am teaching several Genetics courses to undergraduate students of the\u00a0Bachelor&#8217;s in <a href=\"https:\/\/www.umh.es\/contenido\/Estudios\/:tit_g_135_O1_CSig\/datos_en.html\" target=\"_blank\">Biotechnology<\/a>\u00a0and <a href=\"https:\/\/www.umh.es\/contenido\/Estudios\/:tit_g_253_O1_CSig\/datos_en.html\" target=\"_blank\">Environmental Science<\/a>. I also participate in the <a href=\"https:\/\/www.master-biotecnologia-bioingenieria.umh.es\/?lang=en\" target=\"_blank\">Master in Biotechnology and Bioengineering<\/a> and in the <a href=\"http:\/\/doctoradobioingenieria.edu.umh.es\/\" target=\"_blank\">Doctoral Program in Bioengineering<\/a>.<\/p>\n<p>In turn, I am in charge of organizing and teaching the \u201cPlant Molecular Biotechnology\u201d course in the last year of the Degree in Biotechnology.<\/p>\n<p><a href=\"https:\/\/umh.edu.es\/contenido\/Universidad\/:persona_5146\/datos_en.html\" target=\"_blank\">Here is the link to my teaching assignments<\/a>.<\/p>\n<div align=\"center\">\n<hr size=\"2\" width=\"100%\" \/>\n<\/div>\n<table border=\"0\">\n<tbody>\n<tr>\n<td>\u00a0<a title=\"Jose Manuel Perez-Perez\" href=\"https:\/\/www.researchgate.net\/profile\/Jose_Manuel_Perez-Perez\/\" target=\"_blank\"><img src=\"https:\/\/www.researchgate.net\/images\/public\/profile_share_badge.png\" alt=\"Jose Manuel Perez-Perez\" width=\"140\" border=\"0\" \/><\/a><\/td>\n<td><a href=\"https:\/\/loop.frontiersin.org\/people\/95024\/overview\" target=\"_blank\">My profile in Loop<\/a><\/td>\n<td><a href=\"http:\/\/es.linkedin.com\/pub\/jose-manuel-perez-perez\/29\/88\/500\" target=\"_blank\"><img src=\"http:\/\/www.linkedin.com\/img\/webpromo\/btn_viewmy_120x33_es_ES.png?locale=\" alt=\"Ver el perfil de Jose Manuel Perez-Perez en LinkedIn\" width=\"140\" border=\"0\" \/><\/a><\/td>\n<td><a href=\"http:\/\/www.researcherid.com\/rid\/B-4247-2011\"><span id=\"badgeCont64797\"><img id=\"badge_badgeCont64797\" src=\"http:\/\/labs.researcherid.com\/mashlets\/badge\/rid-idsymbol4.gif\" alt=\"\" \/><\/span><\/a><\/td>\n<\/tr>\n<\/tbody>\n<\/table>\n<p><\/p>","protected":false},"excerpt":{"rendered":"<p>Jos\u00e9 Manuel P\u00e9rez-P\u00e9rez Since 2019, I am Full Professor of Genetics\u00a0at the Department of Applied Biology of the Universidad Miguel Hern\u00e1ndez de Elche. There, I am teaching several Genetics courses to undergraduate students of the\u00a0Bachelor&#8217;s in Biotechnology\u00a0and Environmental Science. I also participate in the Master in Biotechnology and Bioengineering and\u2026<\/p>\n<p> <a class=\"continue-reading-link\" href=\"https:\/\/arolab.umh.es\/en\/teaching\/\"><span>Continue reading<\/span><i class=\"crycon-right-dir\"><\/i><\/a><\/p>\n","protected":false},"author":1159,"featured_media":0,"parent":0,"menu_order":0,"comment_status":"closed","ping_status":"closed","template":"templates\/template-onecolumn.php","meta":{"_links_to":"","_links_to_target":""},"yoast_head":"<!-- This site is optimized with the Yoast SEO plugin v17.5 - https:\/\/yoast.com\/wordpress\/plugins\/seo\/ -->\n<title>Teaching - Arolab<\/title>\n<meta name=\"robots\" content=\"index, follow, max-snippet:-1, max-image-preview:large, max-video-preview:-1\" \/>\n<link rel=\"canonical\" href=\"https:\/\/arolab.umh.es\/teaching\/\" \/>\n<meta property=\"og:locale\" content=\"en_US\" \/>\n<meta property=\"og:type\" content=\"article\" \/>\n<meta property=\"og:title\" content=\"[:en]Teaching[:es]Docencia[:] - Arolab\" \/>\n<meta property=\"og:description\" content=\"Jos\u00e9 Manuel P\u00e9rez-P\u00e9rez Since 2019, I am Full Professor of Genetics\u00a0at the Department of Applied Biology of the Universidad Miguel Hern\u00e1ndez de Elche. There, I am teaching several Genetics courses to undergraduate students of the\u00a0Bachelor&#8217;s in Biotechnology\u00a0and Environmental Science. I also participate in the Master in Biotechnology and Bioengineering and\u2026 Continue reading\" \/>\n<meta property=\"og:url\" content=\"https:\/\/arolab.umh.es\/teaching\/\" \/>\n<meta property=\"og:site_name\" content=\"Arolab\" \/>\n<meta property=\"article:modified_time\" content=\"2021-06-09T18:46:46+00:00\" \/>\n<meta property=\"og:image\" content=\"http:\/\/arolab.umh.es\/files\/2016\/04\/IMG_94123-e1488470466557.jpg\" \/>\n<meta name=\"twitter:card\" content=\"summary\" \/>\n<meta name=\"twitter:site\" content=\"@arolabumh\" \/>\n<meta name=\"twitter:label1\" content=\"Est. reading time\" \/>\n\t<meta name=\"twitter:data1\" content=\"1 minute\" \/>\n<script type=\"application\/ld+json\" class=\"yoast-schema-graph\">{\"@context\":\"https:\/\/schema.org\",\"@graph\":[{\"@type\":\"Organization\",\"@id\":\"https:\/\/arolab.umh.es\/#organization\",\"name\":\"Instituto de Bioingenier\\u00eda. Universidad Miguel Hern\\u00e1ndez de Elche.\",\"url\":\"https:\/\/arolab.umh.es\/\",\"sameAs\":[\"https:\/\/www.youtube.com\/channel\/UCAiB5Qu7fbDXZc_cMHHGL4Q\",\"https:\/\/twitter.com\/arolabumh\"],\"logo\":{\"@type\":\"ImageObject\",\"@id\":\"https:\/\/arolab.umh.es\/#logo\",\"inLanguage\":\"en-US\",\"url\":\"http:\/\/arolab.umh.es\/files\/2017\/02\/ib-umh.png\",\"contentUrl\":\"http:\/\/arolab.umh.es\/files\/2017\/02\/ib-umh.png\",\"width\":331,\"height\":143,\"caption\":\"Instituto de Bioingenier\\u00eda. Universidad Miguel Hern\\u00e1ndez de Elche.\"},\"image\":{\"@id\":\"https:\/\/arolab.umh.es\/#logo\"}},{\"@type\":\"WebSite\",\"@id\":\"https:\/\/arolab.umh.es\/#website\",\"url\":\"https:\/\/arolab.umh.es\/\",\"name\":\"Arolab\",\"description\":\"Laboratory of adventitious rooting and organogenesis\",\"publisher\":{\"@id\":\"https:\/\/arolab.umh.es\/#organization\"},\"potentialAction\":[{\"@type\":\"SearchAction\",\"target\":{\"@type\":\"EntryPoint\",\"urlTemplate\":\"https:\/\/arolab.umh.es\/?s={search_term_string}\"},\"query-input\":\"required name=search_term_string\"}],\"inLanguage\":\"en-US\"},{\"@type\":\"ImageObject\",\"@id\":\"https:\/\/arolab.umh.es\/teaching\/#primaryimage\",\"inLanguage\":\"en-US\",\"url\":\"http:\/\/arolab.umh.es\/files\/2016\/04\/IMG_94123-e1488470466557.jpg\",\"contentUrl\":\"http:\/\/arolab.umh.es\/files\/2016\/04\/IMG_94123-e1488470466557.jpg\"},{\"@type\":\"WebPage\",\"@id\":\"https:\/\/arolab.umh.es\/teaching\/#webpage\",\"url\":\"https:\/\/arolab.umh.es\/teaching\/\",\"name\":\"[:en]Teaching[:es]Docencia[:] - Arolab\",\"isPartOf\":{\"@id\":\"https:\/\/arolab.umh.es\/#website\"},\"primaryImageOfPage\":{\"@id\":\"https:\/\/arolab.umh.es\/teaching\/#primaryimage\"},\"datePublished\":\"2016-04-25T10:30:00+00:00\",\"dateModified\":\"2021-06-09T18:46:46+00:00\",\"breadcrumb\":{\"@id\":\"https:\/\/arolab.umh.es\/teaching\/#breadcrumb\"},\"inLanguage\":\"en-US\",\"potentialAction\":[{\"@type\":\"ReadAction\",\"target\":[\"https:\/\/arolab.umh.es\/teaching\/\"]}]},{\"@type\":\"BreadcrumbList\",\"@id\":\"https:\/\/arolab.umh.es\/teaching\/#breadcrumb\",\"itemListElement\":[{\"@type\":\"ListItem\",\"position\":1,\"name\":\"Portada\",\"item\":\"https:\/\/arolab.umh.es\/\"},{\"@type\":\"ListItem\",\"position\":2,\"name\":\"Docencia\"}]}]}<\/script>\n<!-- \/ Yoast SEO plugin. -->","yoast_head_json":{"title":"[:en]Teaching[:es]Docencia[:] - Arolab","robots":{"index":"index","follow":"follow","max-snippet":"max-snippet:-1","max-image-preview":"max-image-preview:large","max-video-preview":"max-video-preview:-1"},"canonical":"https:\/\/arolab.umh.es\/teaching\/","og_locale":"en_US","og_type":"article","og_title":"[:en]Teaching[:es]Docencia[:] - Arolab","og_description":"Jos\u00e9 Manuel P\u00e9rez-P\u00e9rez Since 2019, I am Full Professor of Genetics\u00a0at the Department of Applied Biology of the Universidad Miguel Hern\u00e1ndez de Elche. There, I am teaching several Genetics courses to undergraduate students of the\u00a0Bachelor&#8217;s in Biotechnology\u00a0and Environmental Science. I also participate in the Master in Biotechnology and Bioengineering and\u2026 Continue reading","og_url":"https:\/\/arolab.umh.es\/teaching\/","og_site_name":"Arolab","article_modified_time":"2021-06-09T18:46:46+00:00","og_image":[{"url":"http:\/\/arolab.umh.es\/files\/2016\/04\/IMG_94123-e1488470466557.jpg"}],"twitter_card":"summary","twitter_site":"@arolabumh","twitter_misc":{"Est. reading time":"1 minute"},"schema":{"@context":"https:\/\/schema.org","@graph":[{"@type":"Organization","@id":"https:\/\/arolab.umh.es\/#organization","name":"Instituto de Bioingenier\u00eda. Universidad Miguel Hern\u00e1ndez de Elche.","url":"https:\/\/arolab.umh.es\/","sameAs":["https:\/\/www.youtube.com\/channel\/UCAiB5Qu7fbDXZc_cMHHGL4Q","https:\/\/twitter.com\/arolabumh"],"logo":{"@type":"ImageObject","@id":"https:\/\/arolab.umh.es\/#logo","inLanguage":"en-US","url":"http:\/\/arolab.umh.es\/files\/2017\/02\/ib-umh.png","contentUrl":"http:\/\/arolab.umh.es\/files\/2017\/02\/ib-umh.png","width":331,"height":143,"caption":"Instituto de Bioingenier\u00eda. Universidad Miguel Hern\u00e1ndez de Elche."},"image":{"@id":"https:\/\/arolab.umh.es\/#logo"}},{"@type":"WebSite","@id":"https:\/\/arolab.umh.es\/#website","url":"https:\/\/arolab.umh.es\/","name":"Arolab","description":"Laboratory of adventitious rooting and organogenesis","publisher":{"@id":"https:\/\/arolab.umh.es\/#organization"},"potentialAction":[{"@type":"SearchAction","target":{"@type":"EntryPoint","urlTemplate":"https:\/\/arolab.umh.es\/?s={search_term_string}"},"query-input":"required name=search_term_string"}],"inLanguage":"en-US"},{"@type":"ImageObject","@id":"https:\/\/arolab.umh.es\/teaching\/#primaryimage","inLanguage":"en-US","url":"http:\/\/arolab.umh.es\/files\/2016\/04\/IMG_94123-e1488470466557.jpg","contentUrl":"http:\/\/arolab.umh.es\/files\/2016\/04\/IMG_94123-e1488470466557.jpg"},{"@type":"WebPage","@id":"https:\/\/arolab.umh.es\/teaching\/#webpage","url":"https:\/\/arolab.umh.es\/teaching\/","name":"[:en]Teaching[:es]Docencia[:] - Arolab","isPartOf":{"@id":"https:\/\/arolab.umh.es\/#website"},"primaryImageOfPage":{"@id":"https:\/\/arolab.umh.es\/teaching\/#primaryimage"},"datePublished":"2016-04-25T10:30:00+00:00","dateModified":"2021-06-09T18:46:46+00:00","breadcrumb":{"@id":"https:\/\/arolab.umh.es\/teaching\/#breadcrumb"},"inLanguage":"en-US","potentialAction":[{"@type":"ReadAction","target":["https:\/\/arolab.umh.es\/teaching\/"]}]},{"@type":"BreadcrumbList","@id":"https:\/\/arolab.umh.es\/teaching\/#breadcrumb","itemListElement":[{"@type":"ListItem","position":1,"name":"Portada","item":"https:\/\/arolab.umh.es\/"},{"@type":"ListItem","position":2,"name":"Docencia"}]}]}},"_links":{"self":[{"href":"https:\/\/arolab.umh.es\/en\/wp-json\/wp\/v2\/pages\/24"}],"collection":[{"href":"https:\/\/arolab.umh.es\/en\/wp-json\/wp\/v2\/pages"}],"about":[{"href":"https:\/\/arolab.umh.es\/en\/wp-json\/wp\/v2\/types\/page"}],"author":[{"embeddable":true,"href":"https:\/\/arolab.umh.es\/en\/wp-json\/wp\/v2\/users\/1159"}],"replies":[{"embeddable":true,"href":"https:\/\/arolab.umh.es\/en\/wp-json\/wp\/v2\/comments?post=24"}],"version-history":[{"count":0,"href":"https:\/\/arolab.umh.es\/en\/wp-json\/wp\/v2\/pages\/24\/revisions"}],"wp:attachment":[{"href":"https:\/\/arolab.umh.es\/en\/wp-json\/wp\/v2\/media?parent=24"}],"curies":[{"name":"wp","href":"https:\/\/api.w.org\/{rel}","templated":true}]}}