{"id":20,"date":"2016-04-25T10:29:41","date_gmt":"2016-04-25T10:29:41","guid":{"rendered":"http:\/\/arolab.umh.es\/?page_id=20"},"modified":"2025-02-17T13:25:02","modified_gmt":"2025-02-17T13:25:02","slug":"people","status":"publish","type":"page","link":"https:\/\/arolab.umh.es\/en\/people\/","title":{"rendered":"Lab members"},"content":{"rendered":"<p><\/p>\n<div class=\"art-article\">\n<table border=\"0\">\n<tbody>\n<tr>\n<td colspan=\"3\"><a href=\"https:\/\/arolab.umh.es\/files\/2022\/11\/arolab_group_oleo.png\"><img loading=\"lazy\" class=\"aligncenter wp-image-1771\" src=\"https:\/\/arolab.umh.es\/files\/2022\/11\/arolab_group_oleo-300x222.png\" alt=\"\" width=\"780\" height=\"578\" srcset=\"https:\/\/arolab.umh.es\/files\/2022\/11\/arolab_group_oleo-300x222.png 300w, https:\/\/arolab.umh.es\/files\/2022\/11\/arolab_group_oleo-1024x759.png 1024w, https:\/\/arolab.umh.es\/files\/2022\/11\/arolab_group_oleo-768x569.png 768w, https:\/\/arolab.umh.es\/files\/2022\/11\/arolab_group_oleo-1536x1139.png 1536w, https:\/\/arolab.umh.es\/files\/2022\/11\/arolab_group_oleo-2048x1519.png 2048w, https:\/\/arolab.umh.es\/files\/2022\/11\/arolab_group_oleo-150x111.png 150w\" sizes=\"(max-width: 780px) 100vw, 780px\" \/><\/a><\/td>\n<\/tr>\n<tr>\n<td style=\"text-align: left\"><strong>Jos\u00e9 Manuel P\u00e9rez-P\u00e9rez<\/strong><\/td>\n<td><\/td>\n<td style=\"text-align: right\"><strong>Principal investigator<\/strong><\/td>\n<\/tr>\n<tr>\n<td colspan=\"3\">\n<p style=\"text-align: justify\"><img loading=\"lazy\" class=\"alignright wp-image-1323\" src=\"http:\/\/arolab.umh.es\/files\/2021\/06\/JMP_web3-300x214.jpg\" alt=\"\" width=\"350\" height=\"250\" srcset=\"https:\/\/arolab.umh.es\/files\/2021\/06\/JMP_web3-300x214.jpg 300w, https:\/\/arolab.umh.es\/files\/2021\/06\/JMP_web3-1024x731.jpg 1024w, https:\/\/arolab.umh.es\/files\/2021\/06\/JMP_web3-150x107.jpg 150w, https:\/\/arolab.umh.es\/files\/2021\/06\/JMP_web3.jpg 1571w\" sizes=\"(max-width: 350px) 100vw, 350px\" \/>Since 2019, I am\u00a0<strong>Full Professor of Genetics<\/strong> at the UMH.\u00a0After my Biology studies at the <a href=\"http:\/\/www.ua.es\/\" target=\"_blank\" rel=\"noopener\">Universidad de Alicante<\/a> (Espa\u00f1a), I did my Ph.D. in the group of Prof. J.L. Micol, at the neighbouring <a href=\"https:\/\/umh.es\/\" target=\"_blank\" rel=\"noopener\">Universidad Miguel Hern\u00e1ndez de Elche<\/a>\u00a0(UMH), on the genetic analysis of leaf development in <em>Arabidopsis thaliana<\/em>.<\/p>\n<p style=\"text-align: justify\">I carried out my postdoctoral research with Prof. B. Scheres at <a href=\"http:\/\/www.uu.nl\/EN\/Pages\/default.aspx\" target=\"_blank\" rel=\"noopener\">Utrecht University<\/a>\u00a0(The Netherlands), on the link between cell cycle regulators and root growth and development. Afterwards, I came back to the group of Prof. J.L. Micol to work on leaf growth coordination from a Systems Biology perspective.<\/p>\n<p style=\"text-align: justify\">In 2012, I started my independent research group at the <a href=\"https:\/\/bioingenieria.umh.es\/en\/unidad-de-genetica\/\" target=\"_blank\" rel=\"noopener\">Genetics Unit<\/a> of the Instituto de Bioingenier\u00eda (IB-UMH) whose main objective is to understand regenerative processes in plants.<\/p>\n<p><a href=\"mailto:jmperez@umh.es\" target=\"_blank\" rel=\"noopener\">Send me an e-mail <\/a> &#8211; <a href=\"https:\/\/arolab.umh.es\/files\/2025\/02\/cv_jmpp.pdf\" target=\"_blank\" rel=\"noopener\"> Download my CV (abridged version)<\/a><\/td>\n<\/tr>\n<\/tbody>\n<\/table>\n<table border=\"0\">\n<tbody>\n<tr>\n<td><strong>Eduardo Larriba<\/strong><\/td>\n<td style=\"text-align: right\"><strong>Postdoc<\/strong><\/td>\n<\/tr>\n<tr>\n<td colspan=\"3\">\n<p style=\"text-align: justify\"><a href=\"https:\/\/arolab.umh.es\/files\/2022\/11\/Edu-2.jpg\"><img loading=\"lazy\" class=\"alignleft wp-image-1744\" src=\"https:\/\/arolab.umh.es\/files\/2022\/11\/Edu-2-231x300.jpg\" alt=\"\" width=\"174\" height=\"226\" srcset=\"https:\/\/arolab.umh.es\/files\/2022\/11\/Edu-2-231x300.jpg 231w, https:\/\/arolab.umh.es\/files\/2022\/11\/Edu-2-115x150.jpg 115w, https:\/\/arolab.umh.es\/files\/2022\/11\/Edu-2.jpg 527w\" sizes=\"(max-width: 174px) 100vw, 174px\" \/><\/a>Eduardo holds a Doctorate degree in Biology from the University of Alicante. His Ph.D. Thesis focused on genetic, genomic and transcriptomic analysis of <em>Pochonia chlamydosporia<\/em>. He carried out an in-depth genomic analysis, leading the sequencing and functional annotation of the first genome of a nematophagous fungus. Thereafter, he made his first postdoc in the Laboratory of Molecular Biology of Gametogenesis at the Center for Biological Research (CIB-CSIC, Madrid). His research focused on the analysis of non-coding RNAs (ncRNA), mainly small RNAs (sncRNA), in primordial germ cells (PGCs) and mammalian gametes. Currently, his research focuses in transcriptomic and genomic analysis of protein and non-protein coding genes during <em>de novo<\/em> shoot and root formation in tomato.<br \/>\n<a href=\"https:\/\/www.researchgate.net\/profile\/Eduardo-Larriba\" target=\"_blank\" rel=\"noopener\">Eduardo&#8217;s ResearchGate profile<\/a> \u00a0<strong>\/<\/strong>\u00a0 <a href=\"https:\/\/orcid.org\/0000-0001-8838-4974\" target=\"_blank\" rel=\"noopener\">Eduardo&#8217;s ORCID<\/a><\/p>\n<\/td>\n<\/tr>\n<\/tbody>\n<\/table>\n<table style=\"height: 269px\" border=\"0\" width=\"1135\">\n<tbody>\n<tr>\n<td><strong>Mar\u00eda Salud Justamante<\/strong><\/td>\n<td style=\"text-align: right\"><strong>Postdoc<\/strong><\/td>\n<\/tr>\n<tr>\n<td colspan=\"3\">\n<p style=\"text-align: justify\"><img loading=\"lazy\" class=\"alignleft wp-image-1359\" src=\"http:\/\/arolab.umh.es\/files\/2021\/06\/MSJC_web3-216x300.jpg\" alt=\"\" width=\"174\" height=\"242\" srcset=\"https:\/\/arolab.umh.es\/files\/2021\/06\/MSJC_web3-216x300.jpg 216w, https:\/\/arolab.umh.es\/files\/2021\/06\/MSJC_web3-737x1024.jpg 737w, https:\/\/arolab.umh.es\/files\/2021\/06\/MSJC_web3-108x150.jpg 108w, https:\/\/arolab.umh.es\/files\/2021\/06\/MSJC_web3.jpg 850w\" sizes=\"(max-width: 174px) 100vw, 174px\" \/>Mar\u00eda Salud studied Biology at the Universidad de Alicante and followed the Master in Biotechnology and Bioengineering at the UMH. She has been involved on the optimization of <em>in vitro<\/em> micropropagation in different plant species. During her Ph.D., she characterized adventitious root formation on a collection of commercial carnation cultivars. Her current work focuses on phenotypic and hormonal characterization of root system architecture in tomato and wild relatives.<\/p>\n<p style=\"text-align: justify\"><a href=\"https:\/\/www.researchgate.net\/profile\/Maria-Justamante\" target=\"_blank\" rel=\"noopener\">Mar\u00eda Salud&#8217;s\u00a0ResearchGate profile<\/a>\u00a0 <strong>\/<\/strong>\u00a0 <a href=\"https:\/\/orcid.org\/0000-0002-3291-2800\" target=\"_blank\" rel=\"noopener\">Mar\u00eda Salud&#8217;s ORCID<\/a><\/p>\n<\/td>\n<\/tr>\n<\/tbody>\n<\/table>\n<table border=\"0\">\n<tbody>\n<tr>\n<td><strong>Riyazuddin Riyazuddin<\/strong><\/td>\n<td style=\"text-align: right\"><strong>Postdoc<\/strong><\/td>\n<\/tr>\n<tr>\n<td colspan=\"3\">\n<p style=\"text-align: justify\"><a href=\"https:\/\/arolab.umh.es\/files\/2023\/11\/RiyazR.png\"><img loading=\"lazy\" class=\"alignleft wp-image-1903\" src=\"https:\/\/arolab.umh.es\/files\/2023\/11\/RiyazR-217x300.png\" alt=\"\" width=\"174\" height=\"241\" border=\"0\" srcset=\"https:\/\/arolab.umh.es\/files\/2023\/11\/RiyazR-217x300.png 217w, https:\/\/arolab.umh.es\/files\/2023\/11\/RiyazR-108x150.png 108w, https:\/\/arolab.umh.es\/files\/2023\/11\/RiyazR.png 522w\" sizes=\"(max-width: 174px) 100vw, 174px\" \/><\/a>Riyazuddin studied Plant Biology and completed his Master of Science at the University of Delhi (India). He obtained his Ph.D. at the University of Szeged (Hungary). During his PhD he worked on investigating the participation of <em>Arabidopsis thaliana<\/em> peroxidases GPXL4 and 5 in ethylene and polyamine signaling. Since joining the laboratory in May 2023, he is interested in determining the function of LSD1-like protein complexes in the regulation of gene expression and chromatin structure.<\/p>\n<p><a href=\"https:\/\/www.researchgate.net\/profile\/Riyazuddin-R\" target=\"_blank\" rel=\"noopener\">ResearchGate de Riyazuddin<\/a>\u00a0 <strong>\/ \u00a0<\/strong><a href=\"https:\/\/orcid.org\/0000-0003-2580-2811\" target=\"_blank\" rel=\"noopener\">ORCID de Riyazuddin<\/a><\/td>\n<\/tr>\n<\/tbody>\n<\/table>\n<table border=\"0\">\n<tbody>\n<tr>\n<td style=\"text-align: left\"><strong>Anabel Garc\u00eda Heredia<\/strong><\/td>\n<td style=\"text-align: right\"><strong>Postdoc<\/strong><\/td>\n<\/tr>\n<tr>\n<td colspan=\"3\">\n<p style=\"text-align: justify\"><a href=\"https:\/\/arolab.umh.es\/files\/2025\/02\/anabel-1.png\"><img loading=\"lazy\" class=\"alignleft wp-image-1937\" src=\"https:\/\/arolab.umh.es\/files\/2025\/02\/anabel-1-200x300.png\" alt=\"\" width=\"174\" height=\"261\" border=\"0\" srcset=\"https:\/\/arolab.umh.es\/files\/2025\/02\/anabel-1-200x300.png 200w, https:\/\/arolab.umh.es\/files\/2025\/02\/anabel-1-100x150.png 100w, https:\/\/arolab.umh.es\/files\/2025\/02\/anabel-1.png 581w\" sizes=\"(max-width: 174px) 100vw, 174px\" \/><\/a>Anabel studied Biology at the University of Murcia (UM) and obtained her Ph.D. at Rovira i Virgili University in 2016. She has carried out three postdoctoral fellowships: one at the Basic Research Unit in Diabetes of the IDiBE (UMH), another at the Research Group In Prevention, Diagnosis and Treatment of Colorectal Cancer (Sara Borrell, 2020) and another more at the Research Group in Genetics, Epigenetics and Transcription in Neuropathologies (AVI, 2023), both at the General University Hospital of Alicante-ISABIAL. In our laboratory, she helps us to implement a new platform for transcriptome analysis in plants.<\/p>\n<p style=\"text-align: justify\"><a href=\"https:\/\/www.researchgate.net\/profile\/Anabel-Garcia-Heredia\" target=\"_blank\" rel=\"noopener\">Anabel&#8217;s ResearchGate<\/a>\u00a0\u00a0<strong>\/\u00a0<\/strong> <a href=\"https:\/\/orcid.org\/0000-0003-2876-1779\" target=\"_blank\" rel=\"noopener\">Anabel&#8217;s ORCID<\/a><\/p>\n<\/td>\n<\/tr>\n<\/tbody>\n<\/table>\n<table border=\"0\">\n<tbody>\n<tr>\n<td><strong>Carlos Torralbo Torrado<\/strong><\/td>\n<td style=\"text-align: right\"><strong>Ph.D. student<\/strong><\/td>\n<\/tr>\n<tr>\n<td colspan=\"3\">\n<p style=\"text-align: justify\"><a href=\"https:\/\/arolab.umh.es\/files\/2023\/11\/carlosT.png\"><img loading=\"lazy\" class=\"alignleft wp-image-1906\" src=\"https:\/\/arolab.umh.es\/files\/2023\/11\/carlosT-195x300.png\" alt=\"\" width=\"174\" height=\"234\" \/><\/a>Carlos studied Biotechnology at the UMH and obtained a Masters in Biotechnology of Assisted Human Reproduction at the University of Valencia (UV). His doctoral thesis focused on the phenotypic and molecular study of the function of LSD1-like complexes in plant and root development.<\/p>\n<\/td>\n<\/tr>\n<\/tbody>\n<\/table>\n<table border=\"0\">\n<tbody>\n<tr>\n<td><strong>Lara Caballero L\u00f3pez<\/strong><\/td>\n<td style=\"text-align: right\"><strong>Research Technician<\/strong><\/td>\n<\/tr>\n<tr>\n<td colspan=\"3\">\n<p style=\"text-align: justify\"><a href=\"https:\/\/arolab.umh.es\/files\/2022\/11\/Lara-2.jpg\"><img loading=\"lazy\" class=\"alignleft wp-image-1756\" src=\"https:\/\/arolab.umh.es\/files\/2022\/11\/Lara-2.jpg\" alt=\"\" width=\"174\" height=\"224\" border=\"0\" srcset=\"https:\/\/arolab.umh.es\/files\/2022\/11\/Lara-2.jpg 232w, https:\/\/arolab.umh.es\/files\/2022\/11\/Lara-2-117x150.jpg 117w\" sizes=\"(max-width: 174px) 100vw, 174px\" \/><\/a>Lara studied Biotechnology at the UMH and completed the Master&#8217;s Degree in Basic and Applied Neurosciences at the University of Valencia (UV). She has joined our laboratory as a technician in the &#8220;Investigo&#8221; program of the Generalitat Valenciana, and collaborates in the research projects related to <em>de novo<\/em> organ formation in the lab, while she is helping us to valorize our results.<\/p>\n<\/td>\n<\/tr>\n<\/tbody>\n<\/table>\n<table border=\"0\">\n<tbody>\n<tr>\n<td><strong>Adri\u00e1n Luque Torres<\/strong><\/td>\n<td style=\"text-align: right\"><strong>Research Technician<\/strong><\/td>\n<\/tr>\n<tr>\n<td colspan=\"3\">\n<p style=\"text-align: justify\"><a href=\"https:\/\/arolab.umh.es\/files\/2022\/11\/Adrian-2.jpg\"><img loading=\"lazy\" class=\"alignleft wp-image-1759\" src=\"https:\/\/arolab.umh.es\/files\/2022\/11\/Adrian-2-232x300.jpg\" alt=\"\" width=\"174\" height=\"225\" border=\"0\" srcset=\"https:\/\/arolab.umh.es\/files\/2022\/11\/Adrian-2-232x300.jpg 232w, https:\/\/arolab.umh.es\/files\/2022\/11\/Adrian-2-791x1024.jpg 791w, https:\/\/arolab.umh.es\/files\/2022\/11\/Adrian-2-768x994.jpg 768w, https:\/\/arolab.umh.es\/files\/2022\/11\/Adrian-2-116x150.jpg 116w, https:\/\/arolab.umh.es\/files\/2022\/11\/Adrian-2.jpg 793w\" sizes=\"(max-width: 174px) 100vw, 174px\" \/><\/a>Adri\u00e1n studied Biology at the University of Murcia and completed the Master&#8217;s Degree in Biotechnology and Bioengineering at the UMH. After carrying out his TFM with <em>Arabidopsis thaliana<\/em>, he joined the laboratory to work on the genotypic and phenotypic characterization of T-DNA insertional mutants affected in organ regeneration in response to wounding.<\/p>\n<\/td>\n<\/tr>\n<\/tbody>\n<\/table>\n<table border=\"0\">\n<tbody>\n<tr>\n<td><strong>Carla Navarro Quiles<\/strong><\/td>\n<td style=\"text-align: right\"><strong>Research Technician<\/strong><\/td>\n<\/tr>\n<tr>\n<td colspan=\"3\">\n<p style=\"text-align: justify\"><a href=\"https:\/\/arolab.umh.es\/files\/2025\/02\/foto2.jpeg\"><img loading=\"lazy\" class=\"alignleft wp-image-1953\" src=\"https:\/\/arolab.umh.es\/files\/2025\/02\/foto2-225x300.jpeg\" alt=\"\" width=\"174\" height=\"232\" border=\"0\" srcset=\"https:\/\/arolab.umh.es\/files\/2025\/02\/foto2-225x300.jpeg 225w, https:\/\/arolab.umh.es\/files\/2025\/02\/foto2-768x1024.jpeg 768w, https:\/\/arolab.umh.es\/files\/2025\/02\/foto2-1152x1536.jpeg 1152w, https:\/\/arolab.umh.es\/files\/2025\/02\/foto2-113x150.jpeg 113w, https:\/\/arolab.umh.es\/files\/2025\/02\/foto2.jpeg 1500w\" sizes=\"(max-width: 174px) 100vw, 174px\" \/><\/a>Carla studied Biotechnology and obtained her Ph.D. at the UMH. During her Ph.D., she worked on the morphogenetic functions of ABCE proteins in <em>Arabidopsis thaliana<\/em>. Since October 2024, she has been providing technical support to the laboratory&#8217;s projects through the <a href=\"https:\/\/satdi.umh.es\/\" target=\"_blank\" rel=\"noopener\">Servicio de Apoyo T\u00e9cnico a la Docencia y a la Investigaci\u00f3n (SATDI)<\/a>.<\/p>\n<\/td>\n<\/tr>\n<\/tbody>\n<\/table>\n<p><strong>Intern students<\/strong><\/p>\n<table id=\"tablepress-4\" class=\"tablepress tablepress-id-4\">\n<thead>\n<tr class=\"row-1 odd\">\n<th class=\"column-1\">\n<div>Student\/a<\/div>\n<\/th>\n<th class=\"column-2\">\n<div>Degree<\/div>\n<\/th>\n<th class=\"column-3\">\n<div>Year<\/div>\n<\/th>\n<th class=\"column-4\">\n<div>Project<\/div>\n<\/th>\n<\/tr>\n<\/thead>\n<tbody class=\"row-hover\">\n<tr class=\"row-2 even\">\n<td class=\"column-1\">Pamela Revollar Ochatoma<\/td>\n<td class=\"column-2\">Ph.D. student (CONICET)<\/td>\n<td class=\"column-3\">2024<span style=\"color: #ffffff\">.<\/span>&#8211;<span style=\"color: #ffffff\">.<\/span>25<\/td>\n<td class=\"column-4\">Hormonal analysis of adventitious root formation in tomato in response to environmental moisture<\/td>\n<\/tr>\n<\/tbody>\n<\/table>\n<h3><\/h3>\n<h3><a title=\"Ex-miembros del laboratorio\" href=\"http:\/\/arolab.umh.es\/people\/former-lab-members\/\">Ex-miembros del laboratorio<\/a><\/h3>\n<\/div>\n<p><\/p>","protected":false},"excerpt":{"rendered":"<p>Jos\u00e9 Manuel P\u00e9rez-P\u00e9rez Principal investigator Since 2019, I am\u00a0Full Professor of Genetics at the UMH.\u00a0After my Biology studies at the Universidad de Alicante (Espa\u00f1a), I did my Ph.D. in the group of Prof. J.L. Micol, at the neighbouring Universidad Miguel Hern\u00e1ndez de Elche\u00a0(UMH), on the genetic analysis of leaf development\u2026<\/p>\n<p> <a class=\"continue-reading-link\" href=\"https:\/\/arolab.umh.es\/en\/people\/\"><span>Continue reading<\/span><i class=\"crycon-right-dir\"><\/i><\/a><\/p>\n","protected":false},"author":1159,"featured_media":1317,"parent":0,"menu_order":0,"comment_status":"closed","ping_status":"closed","template":"templates\/template-onecolumn.php","meta":{"_links_to":"","_links_to_target":""},"yoast_head":"<!-- This site is optimized with the Yoast SEO plugin v17.5 - https:\/\/yoast.com\/wordpress\/plugins\/seo\/ -->\n<title>Lab members - Arolab<\/title>\n<meta name=\"robots\" content=\"index, follow, max-snippet:-1, max-image-preview:large, max-video-preview:-1\" \/>\n<link rel=\"canonical\" href=\"https:\/\/arolab.umh.es\/people\/\" \/>\n<meta property=\"og:locale\" content=\"en_US\" \/>\n<meta property=\"og:type\" content=\"article\" \/>\n<meta property=\"og:title\" content=\"[:en]Lab members[:es]Personal investigador[:] - Arolab\" \/>\n<meta property=\"og:description\" content=\"Jos\u00e9 Manuel P\u00e9rez-P\u00e9rez Principal investigator Since 2019, I am\u00a0Full Professor of Genetics at the UMH.\u00a0After my Biology studies at the Universidad de Alicante (Espa\u00f1a), I did my Ph.D. in the group of Prof. J.L. Micol, at the neighbouring Universidad Miguel Hern\u00e1ndez de Elche\u00a0(UMH), on the genetic analysis of leaf development\u2026 Continue reading\" \/>\n<meta property=\"og:url\" content=\"https:\/\/arolab.umh.es\/people\/\" \/>\n<meta property=\"og:site_name\" content=\"Arolab\" \/>\n<meta property=\"article:modified_time\" content=\"2025-02-17T13:25:02+00:00\" \/>\n<meta property=\"og:image\" content=\"https:\/\/arolab.umh.es\/files\/2021\/06\/Grupo1_web3.jpg\" \/>\n\t<meta property=\"og:image:width\" content=\"1712\" \/>\n\t<meta property=\"og:image:height\" content=\"566\" \/>\n<meta name=\"twitter:card\" content=\"summary\" \/>\n<meta name=\"twitter:site\" content=\"@arolabumh\" \/>\n<meta name=\"twitter:label1\" content=\"Est. reading time\" \/>\n\t<meta name=\"twitter:data1\" content=\"6 minutes\" \/>\n<script type=\"application\/ld+json\" class=\"yoast-schema-graph\">{\"@context\":\"https:\/\/schema.org\",\"@graph\":[{\"@type\":\"Organization\",\"@id\":\"https:\/\/arolab.umh.es\/#organization\",\"name\":\"Instituto de Bioingenier\\u00eda. Universidad Miguel Hern\\u00e1ndez de Elche.\",\"url\":\"https:\/\/arolab.umh.es\/\",\"sameAs\":[\"https:\/\/www.youtube.com\/channel\/UCAiB5Qu7fbDXZc_cMHHGL4Q\",\"https:\/\/twitter.com\/arolabumh\"],\"logo\":{\"@type\":\"ImageObject\",\"@id\":\"https:\/\/arolab.umh.es\/#logo\",\"inLanguage\":\"en-US\",\"url\":\"http:\/\/arolab.umh.es\/files\/2017\/02\/ib-umh.png\",\"contentUrl\":\"http:\/\/arolab.umh.es\/files\/2017\/02\/ib-umh.png\",\"width\":331,\"height\":143,\"caption\":\"Instituto de Bioingenier\\u00eda. Universidad Miguel Hern\\u00e1ndez de Elche.\"},\"image\":{\"@id\":\"https:\/\/arolab.umh.es\/#logo\"}},{\"@type\":\"WebSite\",\"@id\":\"https:\/\/arolab.umh.es\/#website\",\"url\":\"https:\/\/arolab.umh.es\/\",\"name\":\"Arolab\",\"description\":\"Laboratory of adventitious rooting and organogenesis\",\"publisher\":{\"@id\":\"https:\/\/arolab.umh.es\/#organization\"},\"potentialAction\":[{\"@type\":\"SearchAction\",\"target\":{\"@type\":\"EntryPoint\",\"urlTemplate\":\"https:\/\/arolab.umh.es\/?s={search_term_string}\"},\"query-input\":\"required name=search_term_string\"}],\"inLanguage\":\"en-US\"},{\"@type\":\"ImageObject\",\"@id\":\"https:\/\/arolab.umh.es\/people\/#primaryimage\",\"inLanguage\":\"en-US\",\"url\":\"https:\/\/arolab.umh.es\/files\/2021\/06\/Grupo1_web3.jpg\",\"contentUrl\":\"https:\/\/arolab.umh.es\/files\/2021\/06\/Grupo1_web3.jpg\",\"width\":1712,\"height\":566},{\"@type\":\"WebPage\",\"@id\":\"https:\/\/arolab.umh.es\/people\/#webpage\",\"url\":\"https:\/\/arolab.umh.es\/people\/\",\"name\":\"[:en]Lab members[:es]Personal investigador[:] - Arolab\",\"isPartOf\":{\"@id\":\"https:\/\/arolab.umh.es\/#website\"},\"primaryImageOfPage\":{\"@id\":\"https:\/\/arolab.umh.es\/people\/#primaryimage\"},\"datePublished\":\"2016-04-25T10:29:41+00:00\",\"dateModified\":\"2025-02-17T13:25:02+00:00\",\"breadcrumb\":{\"@id\":\"https:\/\/arolab.umh.es\/people\/#breadcrumb\"},\"inLanguage\":\"en-US\",\"potentialAction\":[{\"@type\":\"ReadAction\",\"target\":[\"https:\/\/arolab.umh.es\/people\/\"]}]},{\"@type\":\"BreadcrumbList\",\"@id\":\"https:\/\/arolab.umh.es\/people\/#breadcrumb\",\"itemListElement\":[{\"@type\":\"ListItem\",\"position\":1,\"name\":\"Portada\",\"item\":\"https:\/\/arolab.umh.es\/\"},{\"@type\":\"ListItem\",\"position\":2,\"name\":\"Personal investigador\"}]}]}<\/script>\n<!-- \/ Yoast SEO plugin. -->","yoast_head_json":{"title":"[:en]Lab members[:es]Personal investigador[:] - Arolab","robots":{"index":"index","follow":"follow","max-snippet":"max-snippet:-1","max-image-preview":"max-image-preview:large","max-video-preview":"max-video-preview:-1"},"canonical":"https:\/\/arolab.umh.es\/people\/","og_locale":"en_US","og_type":"article","og_title":"[:en]Lab members[:es]Personal investigador[:] - Arolab","og_description":"Jos\u00e9 Manuel P\u00e9rez-P\u00e9rez Principal investigator Since 2019, I am\u00a0Full Professor of Genetics at the UMH.\u00a0After my Biology studies at the Universidad de Alicante (Espa\u00f1a), I did my Ph.D. in the group of Prof. J.L. Micol, at the neighbouring Universidad Miguel Hern\u00e1ndez de Elche\u00a0(UMH), on the genetic analysis of leaf development\u2026 Continue reading","og_url":"https:\/\/arolab.umh.es\/people\/","og_site_name":"Arolab","article_modified_time":"2025-02-17T13:25:02+00:00","og_image":[{"width":1712,"height":566,"url":"https:\/\/arolab.umh.es\/files\/2021\/06\/Grupo1_web3.jpg","type":"image\/jpeg"}],"twitter_card":"summary","twitter_site":"@arolabumh","twitter_misc":{"Est. reading time":"6 minutes"},"schema":{"@context":"https:\/\/schema.org","@graph":[{"@type":"Organization","@id":"https:\/\/arolab.umh.es\/#organization","name":"Instituto de Bioingenier\u00eda. Universidad Miguel Hern\u00e1ndez de Elche.","url":"https:\/\/arolab.umh.es\/","sameAs":["https:\/\/www.youtube.com\/channel\/UCAiB5Qu7fbDXZc_cMHHGL4Q","https:\/\/twitter.com\/arolabumh"],"logo":{"@type":"ImageObject","@id":"https:\/\/arolab.umh.es\/#logo","inLanguage":"en-US","url":"http:\/\/arolab.umh.es\/files\/2017\/02\/ib-umh.png","contentUrl":"http:\/\/arolab.umh.es\/files\/2017\/02\/ib-umh.png","width":331,"height":143,"caption":"Instituto de Bioingenier\u00eda. Universidad Miguel Hern\u00e1ndez de Elche."},"image":{"@id":"https:\/\/arolab.umh.es\/#logo"}},{"@type":"WebSite","@id":"https:\/\/arolab.umh.es\/#website","url":"https:\/\/arolab.umh.es\/","name":"Arolab","description":"Laboratory of adventitious rooting and organogenesis","publisher":{"@id":"https:\/\/arolab.umh.es\/#organization"},"potentialAction":[{"@type":"SearchAction","target":{"@type":"EntryPoint","urlTemplate":"https:\/\/arolab.umh.es\/?s={search_term_string}"},"query-input":"required name=search_term_string"}],"inLanguage":"en-US"},{"@type":"ImageObject","@id":"https:\/\/arolab.umh.es\/people\/#primaryimage","inLanguage":"en-US","url":"https:\/\/arolab.umh.es\/files\/2021\/06\/Grupo1_web3.jpg","contentUrl":"https:\/\/arolab.umh.es\/files\/2021\/06\/Grupo1_web3.jpg","width":1712,"height":566},{"@type":"WebPage","@id":"https:\/\/arolab.umh.es\/people\/#webpage","url":"https:\/\/arolab.umh.es\/people\/","name":"[:en]Lab members[:es]Personal investigador[:] - Arolab","isPartOf":{"@id":"https:\/\/arolab.umh.es\/#website"},"primaryImageOfPage":{"@id":"https:\/\/arolab.umh.es\/people\/#primaryimage"},"datePublished":"2016-04-25T10:29:41+00:00","dateModified":"2025-02-17T13:25:02+00:00","breadcrumb":{"@id":"https:\/\/arolab.umh.es\/people\/#breadcrumb"},"inLanguage":"en-US","potentialAction":[{"@type":"ReadAction","target":["https:\/\/arolab.umh.es\/people\/"]}]},{"@type":"BreadcrumbList","@id":"https:\/\/arolab.umh.es\/people\/#breadcrumb","itemListElement":[{"@type":"ListItem","position":1,"name":"Portada","item":"https:\/\/arolab.umh.es\/"},{"@type":"ListItem","position":2,"name":"Personal investigador"}]}]}},"_links":{"self":[{"href":"https:\/\/arolab.umh.es\/en\/wp-json\/wp\/v2\/pages\/20"}],"collection":[{"href":"https:\/\/arolab.umh.es\/en\/wp-json\/wp\/v2\/pages"}],"about":[{"href":"https:\/\/arolab.umh.es\/en\/wp-json\/wp\/v2\/types\/page"}],"author":[{"embeddable":true,"href":"https:\/\/arolab.umh.es\/en\/wp-json\/wp\/v2\/users\/1159"}],"replies":[{"embeddable":true,"href":"https:\/\/arolab.umh.es\/en\/wp-json\/wp\/v2\/comments?post=20"}],"version-history":[{"count":0,"href":"https:\/\/arolab.umh.es\/en\/wp-json\/wp\/v2\/pages\/20\/revisions"}],"wp:featuredmedia":[{"embeddable":true,"href":"https:\/\/arolab.umh.es\/en\/wp-json\/wp\/v2\/media\/1317"}],"wp:attachment":[{"href":"https:\/\/arolab.umh.es\/en\/wp-json\/wp\/v2\/media?parent=20"}],"curies":[{"name":"wp","href":"https:\/\/api.w.org\/{rel}","templated":true}]}}