{"id":111,"date":"2017-02-22T14:09:00","date_gmt":"2017-02-22T14:09:00","guid":{"rendered":"http:\/\/arolab.umh.es\/?page_id=111"},"modified":"2025-02-11T08:59:45","modified_gmt":"2025-02-11T08:59:45","slug":"related-labs-and-collaborators","status":"publish","type":"page","link":"https:\/\/arolab.umh.es\/en\/resources\/related-labs-and-collaborators\/","title":{"rendered":"Related labs and collaborators"},"content":{"rendered":"<div class=\"art-content-layout-row\">\n<div class=\"art-layout-cell art-content clearfix\">\n<div class=\"item-page\">\n<article class=\"art-post\">\n<div class=\"art-postcontent clearfix\">\n<div class=\"art-article\">\n<table border=\"0\" cellspacing=\"0\" cellpadding=\"0\">\n<tbody>\n<tr>\n<td width=\"193\">\n<p align=\"center\">Prof.<strong> <a href=\"https:\/\/www.chromosomedynamics.com\/\" target=\"_blank\" rel=\"noopener\">Moussa Benhamed<\/a><\/strong><br \/>\nUniversit\u00e9 Paris-Saclay<br \/>\nUSA<\/p>\n<\/td>\n<td width=\"193\">\n<p align=\"center\">Prof. <strong><a href=\"https:\/\/www.cebas.csic.es\/dep_english\/nutrition\/hormonas\/hormonas_lineas_en.html\" target=\"_blank\" rel=\"noopener\">Francisco P\u00e9rez Alfocea<\/a><\/strong><br \/>\nCEBAS-CSIC<br \/>\nSpain<\/p>\n<\/td>\n<td width=\"193\">\n<p align=\"center\">Prof. <strong><a href=\"https:\/\/www.ru.nl\/en\/people\/xu-j-jian\" target=\"_blank\" rel=\"noopener\">Jian Xu<\/a><\/strong><br \/>\nRadboud Universiteit<br \/>\nThe Netherlands<\/p>\n<\/td>\n<\/tr>\n<tr>\n<td width=\"193\">\n<p align=\"center\">Prof. <strong><a href=\"http:\/\/genetics.umh.es\/web\/\" target=\"_blank\" rel=\"noopener\">Jos\u00e9 Luis Micol <\/a><\/strong><br \/>\nUniversidad Miguel Hern\u00e1ndez<br \/>\nSpain<\/p>\n<\/td>\n<td width=\"193\">\n<p align=\"center\">Prof.\u00a0<strong><a href=\"https:\/\/www.bradylab.org\/\" target=\"_blank\" rel=\"noopener\">Siobhan Brady<\/a><\/strong><br \/>\nUniversity of California, Davis<br \/>\nUSA<\/p>\n<\/td>\n<td width=\"193\">\n<p align=\"center\">Prof. <strong><a href=\"https:\/\/haseloff.plantsci.cam.ac.uk\/\" target=\"_blank\" rel=\"noopener\">Jim Haseloff<\/a><\/strong><br \/>\nUniversity of Cambridge<br \/>\nUK<\/p>\n<\/td>\n<\/tr>\n<tr>\n<td width=\"193\">\n<p align=\"center\">\n<\/td>\n<td width=\"193\"><\/td>\n<td width=\"193\">\n<p align=\"center\">\n<\/td>\n<\/tr>\n<tr>\n<td width=\"193\"><\/td>\n<td width=\"193\"><\/td>\n<td width=\"193\"><\/td>\n<\/tr>\n<\/tbody>\n<\/table>\n<div class=\"attachmentsContainer\"><\/div>\n<\/div>\n<\/div>\n<\/article>\n<\/div>\n<\/div>\n<\/div>\n","protected":false},"excerpt":{"rendered":"<p>Prof. Moussa Benhamed Universit\u00e9 Paris-Saclay USA Prof. Francisco P\u00e9rez Alfocea CEBAS-CSIC Spain Prof. Jian Xu Radboud Universiteit The Netherlands Prof. Jos\u00e9 Luis Micol Universidad Miguel Hern\u00e1ndez Spain Prof.\u00a0Siobhan Brady University of California, Davis USA Prof. Jim Haseloff University of Cambridge UK<\/p>\n<p> <a class=\"continue-reading-link\" href=\"https:\/\/arolab.umh.es\/en\/resources\/related-labs-and-collaborators\/\"><span>Continue reading<\/span><i class=\"crycon-right-dir\"><\/i><\/a><\/p>\n","protected":false},"author":1159,"featured_media":0,"parent":26,"menu_order":0,"comment_status":"closed","ping_status":"closed","template":"templates\/template-onecolumn.php","meta":{"_links_to":"","_links_to_target":""},"yoast_head":"<!-- This site is optimized with the Yoast SEO plugin v17.5 - https:\/\/yoast.com\/wordpress\/plugins\/seo\/ -->\n<title>Related labs and collaborators - Arolab<\/title>\n<meta name=\"robots\" content=\"index, follow, max-snippet:-1, max-image-preview:large, max-video-preview:-1\" \/>\n<link rel=\"canonical\" href=\"https:\/\/arolab.umh.es\/en\/resources\/related-labs-and-collaborators\/\" \/>\n<meta property=\"og:locale\" content=\"en_US\" \/>\n<meta property=\"og:type\" content=\"article\" \/>\n<meta property=\"og:title\" content=\"[:en]Related labs and collaborators[:es]Laboratorios asociados y colaboradores[:] - Arolab\" \/>\n<meta property=\"og:description\" content=\"Prof. Moussa Benhamed Universit\u00e9 Paris-Saclay USA Prof. Francisco P\u00e9rez Alfocea CEBAS-CSIC Spain Prof. Jian Xu Radboud Universiteit The Netherlands Prof. Jos\u00e9 Luis Micol Universidad Miguel Hern\u00e1ndez Spain Prof.\u00a0Siobhan Brady University of California, Davis USA Prof. Jim Haseloff University of Cambridge UK Continue reading\" \/>\n<meta property=\"og:url\" content=\"https:\/\/arolab.umh.es\/en\/resources\/related-labs-and-collaborators\/\" \/>\n<meta property=\"og:site_name\" content=\"Arolab\" \/>\n<meta property=\"article:modified_time\" content=\"2025-02-11T08:59:45+00:00\" \/>\n<meta name=\"twitter:card\" content=\"summary\" \/>\n<meta name=\"twitter:site\" content=\"@arolabumh\" \/>\n<meta name=\"twitter:label1\" content=\"Est. reading time\" \/>\n\t<meta name=\"twitter:data1\" content=\"1 minute\" \/>\n<script type=\"application\/ld+json\" class=\"yoast-schema-graph\">{\"@context\":\"https:\/\/schema.org\",\"@graph\":[{\"@type\":\"Organization\",\"@id\":\"https:\/\/arolab.umh.es\/#organization\",\"name\":\"Instituto de Bioingenier\\u00eda. Universidad Miguel Hern\\u00e1ndez de Elche.\",\"url\":\"https:\/\/arolab.umh.es\/\",\"sameAs\":[\"https:\/\/www.youtube.com\/channel\/UCAiB5Qu7fbDXZc_cMHHGL4Q\",\"https:\/\/twitter.com\/arolabumh\"],\"logo\":{\"@type\":\"ImageObject\",\"@id\":\"https:\/\/arolab.umh.es\/#logo\",\"inLanguage\":\"en-US\",\"url\":\"http:\/\/arolab.umh.es\/files\/2017\/02\/ib-umh.png\",\"contentUrl\":\"http:\/\/arolab.umh.es\/files\/2017\/02\/ib-umh.png\",\"width\":331,\"height\":143,\"caption\":\"Instituto de Bioingenier\\u00eda. Universidad Miguel Hern\\u00e1ndez de Elche.\"},\"image\":{\"@id\":\"https:\/\/arolab.umh.es\/#logo\"}},{\"@type\":\"WebSite\",\"@id\":\"https:\/\/arolab.umh.es\/#website\",\"url\":\"https:\/\/arolab.umh.es\/\",\"name\":\"Arolab\",\"description\":\"Laboratory of adventitious rooting and organogenesis\",\"publisher\":{\"@id\":\"https:\/\/arolab.umh.es\/#organization\"},\"potentialAction\":[{\"@type\":\"SearchAction\",\"target\":{\"@type\":\"EntryPoint\",\"urlTemplate\":\"https:\/\/arolab.umh.es\/?s={search_term_string}\"},\"query-input\":\"required name=search_term_string\"}],\"inLanguage\":\"en-US\"},{\"@type\":\"WebPage\",\"@id\":\"https:\/\/arolab.umh.es\/en\/resources\/related-labs-and-collaborators\/#webpage\",\"url\":\"https:\/\/arolab.umh.es\/en\/resources\/related-labs-and-collaborators\/\",\"name\":\"[:en]Related labs and collaborators[:es]Laboratorios asociados y colaboradores[:] - Arolab\",\"isPartOf\":{\"@id\":\"https:\/\/arolab.umh.es\/#website\"},\"datePublished\":\"2017-02-22T14:09:00+00:00\",\"dateModified\":\"2025-02-11T08:59:45+00:00\",\"breadcrumb\":{\"@id\":\"https:\/\/arolab.umh.es\/en\/resources\/related-labs-and-collaborators\/#breadcrumb\"},\"inLanguage\":\"en-US\",\"potentialAction\":[{\"@type\":\"ReadAction\",\"target\":[\"https:\/\/arolab.umh.es\/en\/resources\/related-labs-and-collaborators\/\"]}]},{\"@type\":\"BreadcrumbList\",\"@id\":\"https:\/\/arolab.umh.es\/en\/resources\/related-labs-and-collaborators\/#breadcrumb\",\"itemListElement\":[{\"@type\":\"ListItem\",\"position\":1,\"name\":\"Portada\",\"item\":\"https:\/\/arolab.umh.es\/\"},{\"@type\":\"ListItem\",\"position\":2,\"name\":\"Resources\",\"item\":\"https:\/\/arolab.umh.es\/en\/resources\/\"},{\"@type\":\"ListItem\",\"position\":3,\"name\":\"Related labs and collaborators\"}]}]}<\/script>\n<!-- \/ Yoast SEO plugin. -->","yoast_head_json":{"title":"[:en]Related labs and collaborators[:es]Laboratorios asociados y colaboradores[:] - Arolab","robots":{"index":"index","follow":"follow","max-snippet":"max-snippet:-1","max-image-preview":"max-image-preview:large","max-video-preview":"max-video-preview:-1"},"canonical":"https:\/\/arolab.umh.es\/en\/resources\/related-labs-and-collaborators\/","og_locale":"en_US","og_type":"article","og_title":"[:en]Related labs and collaborators[:es]Laboratorios asociados y colaboradores[:] - Arolab","og_description":"Prof. Moussa Benhamed Universit\u00e9 Paris-Saclay USA Prof. Francisco P\u00e9rez Alfocea CEBAS-CSIC Spain Prof. Jian Xu Radboud Universiteit The Netherlands Prof. Jos\u00e9 Luis Micol Universidad Miguel Hern\u00e1ndez Spain Prof.\u00a0Siobhan Brady University of California, Davis USA Prof. Jim Haseloff University of Cambridge UK Continue reading","og_url":"https:\/\/arolab.umh.es\/en\/resources\/related-labs-and-collaborators\/","og_site_name":"Arolab","article_modified_time":"2025-02-11T08:59:45+00:00","twitter_card":"summary","twitter_site":"@arolabumh","twitter_misc":{"Est. reading time":"1 minute"},"schema":{"@context":"https:\/\/schema.org","@graph":[{"@type":"Organization","@id":"https:\/\/arolab.umh.es\/#organization","name":"Instituto de Bioingenier\u00eda. Universidad Miguel Hern\u00e1ndez de Elche.","url":"https:\/\/arolab.umh.es\/","sameAs":["https:\/\/www.youtube.com\/channel\/UCAiB5Qu7fbDXZc_cMHHGL4Q","https:\/\/twitter.com\/arolabumh"],"logo":{"@type":"ImageObject","@id":"https:\/\/arolab.umh.es\/#logo","inLanguage":"en-US","url":"http:\/\/arolab.umh.es\/files\/2017\/02\/ib-umh.png","contentUrl":"http:\/\/arolab.umh.es\/files\/2017\/02\/ib-umh.png","width":331,"height":143,"caption":"Instituto de Bioingenier\u00eda. Universidad Miguel Hern\u00e1ndez de Elche."},"image":{"@id":"https:\/\/arolab.umh.es\/#logo"}},{"@type":"WebSite","@id":"https:\/\/arolab.umh.es\/#website","url":"https:\/\/arolab.umh.es\/","name":"Arolab","description":"Laboratory of adventitious rooting and organogenesis","publisher":{"@id":"https:\/\/arolab.umh.es\/#organization"},"potentialAction":[{"@type":"SearchAction","target":{"@type":"EntryPoint","urlTemplate":"https:\/\/arolab.umh.es\/?s={search_term_string}"},"query-input":"required name=search_term_string"}],"inLanguage":"en-US"},{"@type":"WebPage","@id":"https:\/\/arolab.umh.es\/en\/resources\/related-labs-and-collaborators\/#webpage","url":"https:\/\/arolab.umh.es\/en\/resources\/related-labs-and-collaborators\/","name":"[:en]Related labs and collaborators[:es]Laboratorios asociados y colaboradores[:] - Arolab","isPartOf":{"@id":"https:\/\/arolab.umh.es\/#website"},"datePublished":"2017-02-22T14:09:00+00:00","dateModified":"2025-02-11T08:59:45+00:00","breadcrumb":{"@id":"https:\/\/arolab.umh.es\/en\/resources\/related-labs-and-collaborators\/#breadcrumb"},"inLanguage":"en-US","potentialAction":[{"@type":"ReadAction","target":["https:\/\/arolab.umh.es\/en\/resources\/related-labs-and-collaborators\/"]}]},{"@type":"BreadcrumbList","@id":"https:\/\/arolab.umh.es\/en\/resources\/related-labs-and-collaborators\/#breadcrumb","itemListElement":[{"@type":"ListItem","position":1,"name":"Portada","item":"https:\/\/arolab.umh.es\/"},{"@type":"ListItem","position":2,"name":"Resources","item":"https:\/\/arolab.umh.es\/en\/resources\/"},{"@type":"ListItem","position":3,"name":"Related labs and collaborators"}]}]}},"_links":{"self":[{"href":"https:\/\/arolab.umh.es\/en\/wp-json\/wp\/v2\/pages\/111"}],"collection":[{"href":"https:\/\/arolab.umh.es\/en\/wp-json\/wp\/v2\/pages"}],"about":[{"href":"https:\/\/arolab.umh.es\/en\/wp-json\/wp\/v2\/types\/page"}],"author":[{"embeddable":true,"href":"https:\/\/arolab.umh.es\/en\/wp-json\/wp\/v2\/users\/1159"}],"replies":[{"embeddable":true,"href":"https:\/\/arolab.umh.es\/en\/wp-json\/wp\/v2\/comments?post=111"}],"version-history":[{"count":0,"href":"https:\/\/arolab.umh.es\/en\/wp-json\/wp\/v2\/pages\/111\/revisions"}],"up":[{"embeddable":true,"href":"https:\/\/arolab.umh.es\/en\/wp-json\/wp\/v2\/pages\/26"}],"wp:attachment":[{"href":"https:\/\/arolab.umh.es\/en\/wp-json\/wp\/v2\/media?parent=111"}],"curies":[{"name":"wp","href":"https:\/\/api.w.org\/{rel}","templated":true}]}}